{"id":3325,"date":"2024-06-25T10:59:01","date_gmt":"2024-06-25T09:59:01","guid":{"rendered":"https:\/\/swissclinitech.ch\/?page_id=3325"},"modified":"2025-09-11T13:28:23","modified_gmt":"2025-09-11T11:28:23","slug":"infor","status":"publish","type":"page","link":"https:\/\/swissclinitech.ch\/de\/infor\/","title":{"rendered":"Meso Skin Infor"},"content":{"rendered":"<p><img loading=\"lazy\" decoding=\"async\" width=\"315\" height=\"39\" src=\"https:\/\/swissclinitech.ch\/\/wp-content\/uploads\/2024\/06\/mesoskin-logo.png\" alt=\"\" srcset=\"https:\/\/swissclinitech.ch\/\/wp-content\/uploads\/2024\/06\/mesoskin-logo.png 315w, https:\/\/swissclinitech.ch\/\/wp-content\/uploads\/2024\/06\/mesoskin-logo-300x37.png 300w, https:\/\/swissclinitech.ch\/\/wp-content\/uploads\/2024\/06\/mesoskin-logo-18x2.png 18w\" sizes=\"auto, (max-width: 315px) 100vw, 315px\" \/>\t\t\t\t\t\t\t\t\t\t\t\t\t<\/p>\n<h2>P\u00e9n\u00e9tration profonde et indolore<br \/>\n<\/h2>\n<p>Les micro-picots creux p\u00e9n\u00e8trent dans la couche corn\u00e9e. Ils sont combin\u00e9es \u00e0 la technologie d&rsquo;\u00e9lectroporation pour amener les nutriments dans la couche du m\u00e9soderme, am\u00e9liorant ainsi le taux d&rsquo;absorption d&rsquo;environ 84 % par rapport \u00e0 la technologie traditionnelle. Le canal cutan\u00e9 se referme automatiquement dans les 20 minutes, sans douleur et sans \u00e9viction sociale.<\/p>\n<p>\t\t\t\t\t\t\t\t\t\t\t\t\t<img loading=\"lazy\" decoding=\"async\" width=\"315\" height=\"39\" src=\"https:\/\/swissclinitech.ch\/\/wp-content\/uploads\/2024\/06\/mesoskin-logo.png\" alt=\"\" srcset=\"https:\/\/swissclinitech.ch\/\/wp-content\/uploads\/2024\/06\/mesoskin-logo.png 315w, https:\/\/swissclinitech.ch\/\/wp-content\/uploads\/2024\/06\/mesoskin-logo-300x37.png 300w, https:\/\/swissclinitech.ch\/\/wp-content\/uploads\/2024\/06\/mesoskin-logo-18x2.png 18w\" sizes=\"auto, (max-width: 315px) 100vw, 315px\" \/><br \/>\n\t\t\t\t\tMenu<\/p>\n<nav data-toggle-icon=\"&lt;i aria-hidden=&quot;true&quot; tabindex=&quot;0&quot; class=&quot;fas fa-bars&quot;&gt;&lt;\/i&gt;\" data-close-icon=\"&lt;i aria-hidden=&quot;true&quot; tabindex=&quot;0&quot; class=&quot;fas fa-bars&quot;&gt;&lt;\/i&gt;\" data-full-width=\"yes\">\n<ul id=\"menu-1-a626ecb\">\n<li id=\"menu-item-3359\"><a href=\"#s1\" class = \"hfe-menu-item\">Technologie<\/a><\/li>\n<li id=\"menu-item-3360\"><a href=\"#s2\" class = \"hfe-menu-item\">Avant &#038; Apr\u00e8s<\/a><\/li>\n<li id=\"menu-item-3361\"><a href=\"#s3\" class = \"hfe-menu-item\">Vid\u00e9o<\/a><\/li>\n<li id=\"menu-item-3362\"><a href=\"#s4\" class = \"hfe-menu-item\">Brochure<\/a><\/li>\n<\/ul>\n<\/nav>\n<h2>Technologie<\/h2>\n<h2>Technologie<\/h2>\n<p>MesoSkin est un dispositif d\u00e9velopp\u00e9 par Wingderm\u00ae. C&rsquo;est le premier appareil du march\u00e9 combinant la technologie d&rsquo;\u00e9lectroporation et les modules de micro-picots creux. Apr\u00e8s la p\u00e9n\u00e9tration de la couche corn\u00e9e par les micro-picots, l&rsquo;\u00e9lectroporation cutan\u00e9e utilise de courtes impulsions \u00e9lectriques pour modifier la perm\u00e9abilit\u00e9 cutan\u00e9e en cr\u00e9ant une voie aqueuse dans la couche corn\u00e9e et en fournissant une force motrice \u00e9lectrique pour am\u00e9liorer la p\u00e9n\u00e9tration des principes actifs.<\/p>\n<p>MesoSkin a \u00e9t\u00e9 largement utilis\u00e9 dans le domaine m\u00e9dical et en esth\u00e9tique. Cette solution est valid\u00e9e par plus de 100 millions de traitements dans le monde. MesoSkin est recommand\u00e9 et exp\u00e9riment\u00e9 quotidiennement par des personnes de diff\u00e9rentes langues et couleurs de peau sur tous les continents.<\/p>\n<p>\t\t\t\t\t\t\t\t\t\t\t\t\t<img loading=\"lazy\" decoding=\"async\" width=\"928\" height=\"660\" src=\"https:\/\/swissclinitech.ch\/\/wp-content\/uploads\/2024\/06\/inner-mesoskin-pic.jpg\" alt=\"\" srcset=\"https:\/\/swissclinitech.ch\/\/wp-content\/uploads\/2024\/06\/inner-mesoskin-pic.jpg 928w, https:\/\/swissclinitech.ch\/\/wp-content\/uploads\/2024\/06\/inner-mesoskin-pic-300x213.jpg 300w, https:\/\/swissclinitech.ch\/\/wp-content\/uploads\/2024\/06\/inner-mesoskin-pic-768x546.jpg 768w, https:\/\/swissclinitech.ch\/\/wp-content\/uploads\/2024\/06\/inner-mesoskin-pic-18x12.jpg 18w\" sizes=\"auto, (max-width: 928px) 100vw, 928px\" \/>\t\t\t\t\t\t\t\t\t\t\t\t\t<\/p>\n<h2>System<\/h2>\n<h2>Electroporation<\/h2>\n<h2>de 0 \u00e0 5<\/h2>\n<h2>Quantit\u00e9 de liquide<\/h2>\n<h2>de 1 \u00e0 5<\/h2>\n<h2>Param\u00e8tres pr\u00e9d\u00e9finis<\/h2>\n<h2>Oui<\/h2>\n<h2>Force de contact<\/h2>\n<h2>de 1 \u00e0 5<\/h2>\n<h2>Fr\u00e9quence<\/h2>\n<h2>de 1 \u00e0 5 Hz<\/h2>\n<h2>Device<\/h2>\n<h2>Dimensions (L x l x H)<\/h2>\n<h2>30.2 \u00d7 27.2 \u00d7 12.6 cm<\/h2>\n<h2>Poids net<\/h2>\n<h2>2.5 kg<\/h2>\n<h2>Avant &#038; Apr\u00e8s<\/h2>\n<h2>Avant &#038; Apr\u00e8s<br \/>\n<\/h2>\n<p>\t\t\t<img decoding=\"async\" src=\"https:\/\/swissclinitech.ch\/\/wp-content\/uploads\/2024\/06\/inner-before.jpg\" alt=\"inner-before.jpg\" title=\"inner-before.jpg\" \/><img decoding=\"async\" src=\"https:\/\/swissclinitech.ch\/\/wp-content\/uploads\/2024\/06\/inner-after.jpg\" alt=\"inner-after.jpg\" title=\"inner-after.jpg\" \/>\t\t<\/p>\n<h2>Vid\u00e9os<\/h2>\n<h2>Vid\u00e9os<\/h2>\n<div style=\"width: 640px;\" class=\"wp-video\"><!--[if lt IE 9]><script>document.createElement('video');<\/script><![endif]-->\n<video class=\"wp-video-shortcode\" id=\"video-3325-1\" width=\"640\" height=\"360\" preload=\"metadata\" controls=\"controls\"><source type=\"video\/mp4\" src=\"https:\/\/swissclinitech.ch\/wp-content\/uploads\/2024\/06\/2.leval_.Mesoskin.mp4?_=1\" \/><a href=\"https:\/\/swissclinitech.ch\/wp-content\/uploads\/2024\/06\/2.leval_.Mesoskin.mp4\">https:\/\/swissclinitech.ch\/wp-content\/uploads\/2024\/06\/2.leval_.Mesoskin.mp4<\/a><\/video><\/div>\n<h2>T\u00e9l\u00e9chargement<br \/>\n<\/h2>\n<h2>T\u00e9l\u00e9chargement<\/h2>\n<h2>MesoSkin<\/h2>\n<h2>Brochure<\/h2>\n<p>\t\t\t<a href=\"#\"><br \/>\n\t\t\t\t\t\t\t\t\tT\u00e9l\u00e9charger<br \/>\n\t\t\t\t\t<\/a><\/p>","protected":false},"excerpt":{"rendered":"<p>P\u00e9n\u00e9tration profonde et indolore Les micro-picots creux p\u00e9n\u00e8trent dans la couche corn\u00e9e. Ils sont combin\u00e9es \u00e0 la technologie d&rsquo;\u00e9lectroporation pour amener les nutriments dans la couche du m\u00e9soderme, am\u00e9liorant ainsi le taux d&rsquo;absorption d&rsquo;environ 84 % par rapport \u00e0 la technologie traditionnelle. Le canal cutan\u00e9 se referme automatiquement dans les 20 minutes, sans douleur et [&hellip;]<\/p>","protected":false},"author":1,"featured_media":0,"parent":0,"menu_order":0,"comment_status":"closed","ping_status":"closed","template":"templates\/mesoskin-info.php","meta":{"_acf_changed":false,"footnotes":""},"class_list":["post-3325","page","type-page","status-publish","hentry"],"acf":[],"_links":{"self":[{"href":"https:\/\/swissclinitech.ch\/de\/wp-json\/wp\/v2\/pages\/3325","targetHints":{"allow":["GET"]}}],"collection":[{"href":"https:\/\/swissclinitech.ch\/de\/wp-json\/wp\/v2\/pages"}],"about":[{"href":"https:\/\/swissclinitech.ch\/de\/wp-json\/wp\/v2\/types\/page"}],"author":[{"embeddable":true,"href":"https:\/\/swissclinitech.ch\/de\/wp-json\/wp\/v2\/users\/1"}],"replies":[{"embeddable":true,"href":"https:\/\/swissclinitech.ch\/de\/wp-json\/wp\/v2\/comments?post=3325"}],"version-history":[{"count":1,"href":"https:\/\/swissclinitech.ch\/de\/wp-json\/wp\/v2\/pages\/3325\/revisions"}],"predecessor-version":[{"id":3638,"href":"https:\/\/swissclinitech.ch\/de\/wp-json\/wp\/v2\/pages\/3325\/revisions\/3638"}],"wp:attachment":[{"href":"https:\/\/swissclinitech.ch\/de\/wp-json\/wp\/v2\/media?parent=3325"}],"curies":[{"name":"wp","href":"https:\/\/api.w.org\/{rel}","templated":true}]}}