{"id":3309,"date":"2024-06-25T10:46:44","date_gmt":"2024-06-25T09:46:44","guid":{"rendered":"https:\/\/swissclinitech.ch\/?page_id=3309"},"modified":"2025-09-11T13:28:18","modified_gmt":"2025-09-11T11:28:18","slug":"info","status":"publish","type":"page","link":"https:\/\/swissclinitech.ch\/de\/info\/","title":{"rendered":"Lasermarch Info"},"content":{"rendered":"<p><img loading=\"lazy\" decoding=\"async\" src=\"https:\/\/swissclinitech.ch\/wp-content\/uploads\/2024\/06\/lasermach-logo-1.png\" sizes=\"auto, (max-width: 988px) 100vw, 988px\" srcset=\"https:\/\/swissclinitech.ch\/wp-content\/uploads\/2024\/06\/lasermach-logo-1.png 988w, https:\/\/swissclinitech.ch\/wp-content\/uploads\/2024\/06\/lasermach-logo-1-300x24.png 300w, https:\/\/swissclinitech.ch\/wp-content\/uploads\/2024\/06\/lasermach-logo-1-768x61.png 768w, https:\/\/swissclinitech.ch\/wp-content\/uploads\/2024\/06\/lasermach-logo-1-18x1.png 18w\" alt=\"\" width=\"988\" height=\"78\" \/><\/p>\n<p>La r\u00e9f\u00e9rence des lasers diodes pour l&rsquo;\u00e9pilation<\/p>\n<h2>Simplement la meilleure qualit\u00e9!<\/h2>\n<p><img loading=\"lazy\" decoding=\"async\" src=\"https:\/\/swissclinitech.ch\/wp-content\/uploads\/2024\/06\/lasermach-logo-1.png\" sizes=\"auto, (max-width: 988px) 100vw, 988px\" srcset=\"https:\/\/swissclinitech.ch\/wp-content\/uploads\/2024\/06\/lasermach-logo-1.png 988w, https:\/\/swissclinitech.ch\/wp-content\/uploads\/2024\/06\/lasermach-logo-1-300x24.png 300w, https:\/\/swissclinitech.ch\/wp-content\/uploads\/2024\/06\/lasermach-logo-1-768x61.png 768w, https:\/\/swissclinitech.ch\/wp-content\/uploads\/2024\/06\/lasermach-logo-1-18x1.png 18w\" alt=\"\" width=\"988\" height=\"78\" \/><br \/>\nMenu<\/p>\n<nav data-toggle-icon=\"&lt;i aria-hidden=&quot;true&quot; tabindex=&quot;0&quot; class=&quot;fas fa-bars&quot;&gt;&lt;\/i&gt;\" data-close-icon=\"&lt;i aria-hidden=&quot;true&quot; tabindex=&quot;0&quot; class=&quot;fas fa-bars&quot;&gt;&lt;\/i&gt;\" data-full-width=\"yes\">\n<ul id=\"menu-1-6e0c1ed\">\n<li id=\"menu-item-3359\"><a class=\"hfe-menu-item\" href=\"#s1\">Technologie<\/a><\/li>\n<li id=\"menu-item-3360\"><a class=\"hfe-menu-item\" href=\"#s2\">Avant &amp; Apr\u00e8s<\/a><\/li>\n<li id=\"menu-item-3361\"><a class=\"hfe-menu-item\" href=\"#s3\">Vid\u00e9o<\/a><\/li>\n<li id=\"menu-item-3362\"><a class=\"hfe-menu-item\" href=\"#s4\">Brochure<\/a><\/li>\n<\/ul>\n<\/nav>\n<h2>Technologie<\/h2>\n<h2>Technologie<\/h2>\n<p>La technologie des lasers diodes Lasermach de Wingderm\u00ae a \u00e9t\u00e9 valid\u00e9e dans de nombreuses \u00e9tudes cliniques. Nos clients b\u00e9n\u00e9ficient des fonctionnalit\u00e9s de Lasermach et appr\u00e9cient une grande satisfaction de leurs patients.<\/p>\n<p>Lasermach utilise une technologie de diode haute puissance capable de fournir une fluence \u00e9lev\u00e9e. Ceci est combin\u00e9 avec une dur\u00e9e d&rsquo;impulsion s\u00e9lectionn\u00e9e par l&rsquo;utilisateur et un refroidissement efficace par compresseur pour des performances \u00e9lev\u00e9es.<\/p>\n<p>Lasermach propose deux mode de traitement pour les op\u00e9rateurs professionnels et les esth\u00e9ticiennes : le mode statique et le mode par balayage. La m\u00e9thode de passes multiples \u00e0 faible fluence chez les patients de tous les phototypes, m\u00eame avec la peau la plus fonc\u00e9e, a \u00e9t\u00e9 d\u00e9montr\u00e9e pour sa s\u00e9curit\u00e9 et son effet.<\/p>\n<p>Lasermach propose une taille de spot de 12 x 20 mm qui permet une plus grande efficacit\u00e9 en profondeur et un traitement nettement plus rapide.<\/p>\n<p><img loading=\"lazy\" decoding=\"async\" src=\"https:\/\/swissclinitech.ch\/\/wp-content\/uploads\/2024\/06\/inner-lasermach-pic.jpg\" sizes=\"auto, (max-width: 928px) 100vw, 928px\" srcset=\"https:\/\/swissclinitech.ch\/\/wp-content\/uploads\/2024\/06\/inner-lasermach-pic.jpg 928w, https:\/\/swissclinitech.ch\/\/wp-content\/uploads\/2024\/06\/inner-lasermach-pic-300x213.jpg 300w, https:\/\/swissclinitech.ch\/\/wp-content\/uploads\/2024\/06\/inner-lasermach-pic-768x546.jpg 768w, https:\/\/swissclinitech.ch\/\/wp-content\/uploads\/2024\/06\/inner-lasermach-pic-18x12.jpg 18w\" alt=\"\" width=\"928\" height=\"660\" \/><\/p>\n<h2>Sp\u00e9cifications<\/h2>\n<h2>Laser Wavelength<\/h2>\n<h2>808 nm<br \/>\n(755, 1&rsquo;064 et hybride en option)<\/h2>\n<h2>Laser<\/h2>\n<h2>Classe IV<\/h2>\n<h2>Param\u00e8tre pr\u00e9d\u00e9finis<\/h2>\n<h2>Oui<\/h2>\n<h2>Deux modes de travail<\/h2>\n<h2>Oui<\/h2>\n<h2>Classification \u00e9lectrique<\/h2>\n<h2>Classe I Type B<\/h2>\n<h2>Prise<\/h2>\n<h2>Suisse type 23<\/h2>\n<h2>Refroidissement<\/h2>\n<h2>Air + eau + semi-conducteurs + compresseur<\/h2>\n<h2>Mod\u00e8le<\/h2>\n<h2>WLA-01<\/h2>\n<h2>Param\u00e8tre de l&rsquo;appareil<\/h2>\n<h2>Puissance<\/h2>\n<h2>2600W<\/h2>\n<h2>Dimensions (L x l x H)<\/h2>\n<h2>480 \u00d7 470 \u00d7 1045 mm<\/h2>\n<h2>Electricit\u00e9<\/h2>\n<h2>220-240 VAC,50\/60 Hz, 12 A<br \/>\n100-120 VAC,50\/60 Hz,25 A<\/h2>\n<h2>Poids net<\/h2>\n<h2>55 kg<\/h2>\n<h2>Avant &amp; Apr\u00e8s<\/h2>\n<h2>Avant &amp; Apr\u00e8s<\/h2>\n<p><img decoding=\"async\" title=\"lasermach-before\" src=\"https:\/\/swissclinitech.ch\/wp-content\/uploads\/2024\/06\/lasermach-before.png\" alt=\"lasermach-before\" \/><img decoding=\"async\" title=\"lasermach-after\" src=\"https:\/\/swissclinitech.ch\/wp-content\/uploads\/2024\/06\/lasermach-after.png\" alt=\"lasermach-after\" \/><\/p>\n<h2>Vid\u00e9os<\/h2>\n<h2>Vid\u00e9os<\/h2>\n<p>https:\/\/swissclinitech.ch\/\/wp-content\/uploads\/2024\/06\/3.leval_.lasermach1-1.mp4https:\/\/swissclinitech.ch\/\/wp-content\/uploads\/2024\/06\/3.leval_.lasermach3.mp4https:\/\/swissclinitech.ch\/\/wp-content\/plugins\/elementor\/assets\/images\/placeholder.png<\/p>\n<h2>T\u00e9l\u00e9chargement<\/h2>\n<h2>T\u00e9l\u00e9chargement<\/h2>\n<h2>Lasermach<\/h2>\n<h2>Brochure<\/h2>\n<p><a href=\"#\"><br \/>\nT\u00e9l\u00e9charger<br \/>\n<\/a><\/p>","protected":false},"excerpt":{"rendered":"<p>La r\u00e9f\u00e9rence des lasers diodes pour l&rsquo;\u00e9pilation Simplement la meilleure qualit\u00e9! Menu Technologie Avant &amp; Apr\u00e8s Vid\u00e9o Brochure Technologie Technologie La technologie des lasers diodes Lasermach de Wingderm\u00ae a \u00e9t\u00e9 valid\u00e9e dans de nombreuses \u00e9tudes cliniques. Nos clients b\u00e9n\u00e9ficient des fonctionnalit\u00e9s de Lasermach et appr\u00e9cient une grande satisfaction de leurs patients. Lasermach utilise une technologie [&hellip;]<\/p>","protected":false},"author":1,"featured_media":0,"parent":0,"menu_order":0,"comment_status":"closed","ping_status":"closed","template":"templates\/lasermach-info.php","meta":{"_acf_changed":false,"footnotes":""},"class_list":["post-3309","page","type-page","status-publish","hentry"],"acf":[],"_links":{"self":[{"href":"https:\/\/swissclinitech.ch\/de\/wp-json\/wp\/v2\/pages\/3309","targetHints":{"allow":["GET"]}}],"collection":[{"href":"https:\/\/swissclinitech.ch\/de\/wp-json\/wp\/v2\/pages"}],"about":[{"href":"https:\/\/swissclinitech.ch\/de\/wp-json\/wp\/v2\/types\/page"}],"author":[{"embeddable":true,"href":"https:\/\/swissclinitech.ch\/de\/wp-json\/wp\/v2\/users\/1"}],"replies":[{"embeddable":true,"href":"https:\/\/swissclinitech.ch\/de\/wp-json\/wp\/v2\/comments?post=3309"}],"version-history":[{"count":1,"href":"https:\/\/swissclinitech.ch\/de\/wp-json\/wp\/v2\/pages\/3309\/revisions"}],"predecessor-version":[{"id":3625,"href":"https:\/\/swissclinitech.ch\/de\/wp-json\/wp\/v2\/pages\/3309\/revisions\/3625"}],"wp:attachment":[{"href":"https:\/\/swissclinitech.ch\/de\/wp-json\/wp\/v2\/media?parent=3309"}],"curies":[{"name":"wp","href":"https:\/\/api.w.org\/{rel}","templated":true}]}}